{"id":2161,"date":"2024-05-07T06:08:58","date_gmt":"2024-05-07T06:08:58","guid":{"rendered":"https:\/\/revolux.ee\/tellimistingimused\/"},"modified":"2024-06-02T15:33:08","modified_gmt":"2024-06-02T15:33:08","slug":"tellimistingimused","status":"publish","type":"page","link":"https:\/\/revolux.ee\/en\/tellimistingimused\/","title":{"rendered":"Tellimistingimused Eng"},"content":{"rendered":"\t\t<div data-elementor-type=\"wp-page\" data-elementor-id=\"2161\" class=\"elementor elementor-2161 elementor-2108\" data-elementor-post-type=\"page\">\n\t\t\t\t<div class=\"elementor-element elementor-element-7bc36226 animated-slow e-flex e-con-boxed elementor-invisible e-con e-parent\" data-id=\"7bc36226\" data-element_type=\"container\" data-e-type=\"container\" data-settings=\"{&quot;animation&quot;:&quot;fadeIn&quot;,&quot;ekit_has_onepagescroll_dot&quot;:&quot;yes&quot;}\">\n\t\t\t\t\t<div class=\"e-con-inner\">\n\t\t\t\t<div class=\"elementor-element elementor-element-d46d8bb elementor-widget elementor-widget-heading\" data-id=\"d46d8bb\" data-element_type=\"widget\" data-e-type=\"widget\" data-settings=\"{&quot;ekit_we_effect_on&quot;:&quot;none&quot;}\" data-widget_type=\"heading.default\">\n\t\t\t\t<div class=\"elementor-widget-container\">\n\t\t\t\t\t<h1 class=\"elementor-heading-title elementor-size-default\">Tellimistingimused<\/h1>\t\t\t\t<\/div>\n\t\t\t\t<\/div>\n\t\t\t\t<div class=\"elementor-element elementor-element-7f3ba5c0 elementor-widget elementor-widget-text-editor\" data-id=\"7f3ba5c0\" data-element_type=\"widget\" data-e-type=\"widget\" data-settings=\"{&quot;ekit_we_effect_on&quot;:&quot;none&quot;}\" data-widget_type=\"text-editor.default\">\n\t\t\t\t<div class=\"elementor-widget-container\">\n\t\t\t\t\t\t\t\t\t<h2>1. M\u00fc\u00fcgilepingu kehtivus<\/h2><p>1.1\u00a0\u00a0\u00a0\u00a0\u00a0\u00a0 M\u00fc\u00fcgitingimused kehtivad www.r-tehnika.ee veebipoest (edaspidi veebipood) ostja ja ettev\u00f5tte Steven-VV O\u00dc (registrikood 10264510) vahel kaupade ja teenuste ostmisel.<\/p><p>1.2\u00a0\u00a0\u00a0\u00a0\u00a0\u00a0 Lisaks k\u00e4esolevatele tingimustele reguleerivad Steven-VV O\u00dc veebipoest toodete ostmisel tekkivaid \u00f5igussuhteid Eesti Vabariigis kehtivad v\u00f5la\u00f5igusseadus (edaspidi V\u00d5S), tarbijakaitseseadus (edaspidi TKS) ja teised \u00f5igusaktid.<\/p><p>1.3\u00a0\u00a0\u00a0\u00a0\u00a0\u00a0 Steven-VV O\u00dc j\u00e4tab endale \u00f5iguse teha m\u00fc\u00fcgitingimustes muudatusi. Nimetatud muudatusi kajastatakse veebilehel www.r-tehnika.ee.<\/p><p>1.4\u00a0\u00a0\u00a0\u00a0\u00a0\u00a0 Veebipoes olevate toodete pildid on illustratiivse t\u00e4hendusega ja v\u00f5ivad erineda tegelikest toodetest.<\/p><p>1.5\u00a0\u00a0\u00a0\u00a0\u00a0\u00a0 Veebipoes olevate toodete kirjelduses v\u00f5ib esineda tahtmatuid vigu. Soovitame kontrollida andmeid tootjate kodulehtedelt.<\/p><p>1.6\u00a0\u00a0\u00a0\u00a0\u00a0\u00a0 Steven-VV O\u00dc-l on \u00f5igus veebipoe vahendusel s\u00f5lmitud m\u00fc\u00fcgilepingust sanktsioonideta taganeda ja tellitud kaup j\u00e4tta \u00fcle andmata v\u00f5i teenus osutamata allj\u00e4rgnevatel juhtudel:<\/p><ul><li>kaup on laost otsa saanud;<\/li><li>kauba hinda v\u00f5i omadusi on veebipoes kuvatud valesti s\u00fcsteemivea t\u00f5ttu;<\/li><li>kui ostja ei vasta Steven-VV O\u00dc poolt kehtestatud tingimustele.<\/li><\/ul><p>Kui Steven-VV O\u00dc-l ei ole v\u00f5imalik tellimust t\u00e4ita, v\u00f5tab Steven-VV O\u00dc ostjaga \u00fchendust ning tagastab tasutud summa, kui ostja on j\u00f5udnud kauba eest ettemaksu teha.<\/p><h2>2. Kauba- ja hinnainfo<\/h2><p>2.1\u00a0\u00a0\u00a0\u00a0\u00a0\u00a0 M\u00fc\u00fcgitingimused kehtivad veebipoest kaupade ostmisel.<\/p><p>2.2\u00a0\u00a0\u00a0\u00a0\u00a0\u00a0 Veebipoes m\u00fc\u00fcdavate toodete hinnad on m\u00e4rgitud toodete juurde. Hinnale lisandub tasu kauba k\u00e4ttetoimetamise eest. K\u00f5ik veebipoes m\u00fc\u00fcdavate kaupade hinnad on eurodes (\u20ac) ja sisaldavad Eesti Vabariigis kehtivat k\u00e4ibemaksu.<\/p><p>2.3\u00a0\u00a0\u00a0\u00a0\u00a0\u00a0 Kauba k\u00e4ttetoimetamise tasu s\u00f5ltub ostja asukohast ning ostja valitud k\u00e4ttetoimetamise viisist.<\/p><p>2.4\u00a0\u00a0\u00a0\u00a0\u00a0\u00a0 K\u00e4ttetoimetamise tasu kuvatakse ostjale tellimuse vormistamisel.<\/p><p>2.5\u00a0\u00a0\u00a0\u00a0\u00a0\u00a0 Teave kauba kohta on esitatud veebipoes vahetult kauba juures.<\/p><p>2.6\u00a0\u00a0\u00a0\u00a0\u00a0\u00a0 Hinnad kehtivad tellimuse vormistamisest kuni vormistatud tellimuse makset\u00e4htaja aegumiseni.<\/p><h2>3. Kaupade ostmine ja tellimuste vormistamine veebioes<\/h2><p>3.1\u00a0\u00a0\u00a0\u00a0\u00a0\u00a0 Kauba tellimiseks tuleb lisada soovitud tooted ostukorvi.<\/p><p>3.2\u00a0\u00a0\u00a0\u00a0\u00a0\u00a0 Tellimuse vormistamiseks tuleb t\u00e4ita n\u00f5utud andmev\u00e4ljad ning valida sobiv toodete kohaletoimetamise viis.<\/p><p>3.3\u00a0\u00a0\u00a0\u00a0\u00a0\u00a0 P\u00e4rast kohale toimetamise viisi valimist, t\u00e4itke n\u00f5utud andmev\u00e4ljad teie andmetega.<\/p><p>3.4\u00a0\u00a0\u00a0\u00a0\u00a0\u00a0 Andmete sisestamise j\u00e4rel valige teile sobiv makseviis.<\/p><p>3.5\u00a0\u00a0\u00a0\u00a0\u00a0\u00a0 Tellimuse kinnitamiseks tehke linnuke valiku \u201cjah, olen n\u00f5us tingimustega\u201d ette ja seej\u00e4rel valige \u201cEdasi\u201d.<\/p><p>3.6\u00a0\u00a0\u00a0\u00a0\u00a0\u00a0 Seej\u00e4rel kuvatakse ekraanile tasu suurus, mille saab tasuda turvaliselt l\u00e4bi j\u00e4rgnevate makseviiside:<\/p><p>\u00b7\u00a0\u00a0\u00a0\u00a0\u00a0\u00a0 \u201cMaksa pangalingiga\u201c: Swedbank, SEB, Luminor, LHV, Coop Pank, Citadele, Revolut.<\/p><p>\u00b7\u00a0\u00a0\u00a0\u00a0\u00a0\u00a0 \u201cPanga\u00fclekanne\u201c \u2013 maksan arvega<\/p><p>NB! Pangalingiga tasumisel vajutada kindlasti panga lehel nupule \u201cTagasi kaupmehe juurde\u201c.<\/p><p>3.7\u00a0\u00a0\u00a0\u00a0\u00a0\u00a0 Makseid vahendab Montonio Finance O\u00dc, valuuta EUR. Tasumine toimub va\u0308ljaspool Veebipoodi turvalises keskkonnas \u2013 pangalingiga tasumisel vastava panga turvalises keskkonnas ja krediitkaardiga tasumisel Montonio Finance O\u00dc turvalises keskkonnas. Mu\u0308u\u0308jal puudub ligipa\u0308a\u0308s kliendi panga ja krediitkaardi andmetele. Leping j\u00f5ustub alates tasumisele kuuluva summa laekumisest Veebipoe arvelduskontole.<\/p><p>3.8\u00a0\u00a0\u00a0\u00a0\u00a0\u00a0 Veebipoes sooritatud tellimusi k\u00e4sitletakse t\u00f6\u00f6p\u00e4evadel E-R 9.00-17.00. Kui tellimus esitatakse reedel p\u00e4rast 17.00, siis vormistatakse tellimus j\u00e4rgneval esmasp\u00e4eval.<\/p><p>3.9\u00a0\u00a0\u00a0\u00a0\u00a0\u00a0 Veebipoe omanik on isikuandmete vastutav t\u00f6\u00f6tleja ning edastab maksete teostamiseks vajalikud isikuandmed volitatud t\u00f6\u00f6tleja Montonio Finance O\u00dc-le.<\/p><p>3.10\u00a0\u00a0\u00a0 Steven-VV O\u00dc on isikuandmete vastutav t\u00f6\u00f6tleja, Steven-VV O\u00dc edastab maksete teostamiseks vajalikud isikuandmed volitatud t\u00f6\u00f6tleja Montoni Finance O\u00dc-le.\u201d<\/p><p>3.11\u00a0\u00a0\u00a0 Leping j\u00f5ustub alates tasumisele kuuluva summa laekumisest Steven-VV O\u00dc arvelduskontole. Kui tellitud kaupa ei ole v\u00f5imalik tarnida seoses kauba l\u00f5ppemisega v\u00f5i muul p\u00f5hjusel, teavitatakse sellest ostjat esimesel v\u00f5imalusel ning tagastatakse tasutud raha (sh kauba k\u00e4ttetoimetamise kulud) viivitamata, kuid mitte hiljem kui 14 p\u00e4eva jooksul teate saatmisest.<\/p><h2>4. Kohaletoimetamine<\/h2><p>4.1\u00a0\u00a0\u00a0\u00a0\u00a0\u00a0 Kaupu saadetakse k\u00f5ikjale Eestis. Kauba ka\u0308ttesaamiseks on ostjal ja\u0308rgnevad valikud: DPD pakiautomaat, Smartposti pakiautomaat, DPD kuller v\u00f5i ise kaubale j\u00e4reletulemine valitud kauplusesse.<\/p><p>4.2\u00a0\u00a0\u00a0\u00a0\u00a0\u00a0 Kauba saatmiskulud kannab ostja ning vastav hinnainfo on kuvatud saatmisviisi juures.<\/p><p>4.3\u00a0\u00a0\u00a0\u00a0\u00a0\u00a0 Eestisisesed saadetised j\u00f5uavad \u00fcldjuhul ostja m\u00e4\u00e4ratud sihtpunkti 2-4 t\u00f6\u00f6p\u00e4eva jooksul alates m\u00fc\u00fcgilepingu j\u00f5ustumist.<\/p><p>4.4\u00a0\u00a0\u00a0\u00a0\u00a0\u00a0 Erandlikel juhtumitel on \u00f5igus kaup kohale toimetada kuni 45 kalendrip\u00e4eva jooksul.<\/p><h2>5. Taganemis\u00f5igus<\/h2><p>5.1\u00a0\u00a0\u00a0\u00a0\u00a0\u00a0 P\u00e4rast tellimuse k\u00e4ttesaamist on ostjal \u00f5igus veebipoes s\u00f5lmitud lepingust taganeda 14 p\u00e4eva jooksul [olenevalt toodetest ei pruugi ostjal taganemise \u00f5igust olla, vastavad tooted ja teenused tuleb sellisel juhul loetleda ning need peavad vastama \u00f5la\u00f5igusseaduse\u00a7 53 lg-s 4 loetletud tingimustele].<\/p><p>5.2\u00a0\u00a0\u00a0\u00a0\u00a0\u00a0 Taganemis\u00f5igus ei kohaldu, kui ostjaks on juriidiline isik.<\/p><p>5.3\u00a0\u00a0\u00a0\u00a0\u00a0\u00a0 14-p\u00e4evase tagastamis\u00f5iguse kasutamiseks ei tohi tellitud kaupa kasutada muul viisil kui on vajalik kauba olemuses, omadustes ja toimimises veendumiseks viisil nagu see on lubatud kauba testimiseks f\u00fc\u00fcsilises poes.<\/p><p>5.4\u00a0\u00a0\u00a0\u00a0\u00a0\u00a0 Kui kaupa on kasutatud muuks otstarbeks kui on vajalik kauba olemuses, omadustes ja toimimises veendumiseks v\u00f5i sellel on kasutamise v\u00f5i kulumise m\u00e4rke, on Veebipoel \u00f5igus alandada tagastatavat tasu vastavalt kauba v\u00e4\u00e4rtuse v\u00e4henemisele.<\/p><p>5.5\u00a0\u00a0\u00a0\u00a0\u00a0\u00a0 Kauba tagastamiseks tuleb esitada kauba ostmisest taganemise avaldus ning saata see e-posti aadressile info@revolux.ee\u00a0hiljemalt 14 p\u00e4eva jooksul kauba k\u00e4ttesaamisest.<\/p><p>5.6\u00a0\u00a0\u00a0\u00a0\u00a0\u00a0 Kauba tagastamise kulud kannab ostja, v\u00e4lja arvatud juhul, kui tagastamise p\u00f5hjus seisneb asjaolus, et tagastamisele kuuluv asi ei vasta tellitule (nt vale v\u00f5i defektiga asi).<\/p><p>5.7\u00a0 \u00a0 \u00a0 \u00a0Veebipood tagastab tagastatava kauba k\u00e4ttesaamisel ostjale viivitamata, kuid mitte hiljem kui 14 p\u00e4eva m\u00f6\u00f6dumisel, k\u00f5ik ostjalt lepingu alusel saadud tasud kauba eest.<\/p><p>5.8\u00a0 \u00a0 \u00a0 \u00a0Veebipoel on \u00f5igus taganeda m\u00fc\u00fcgitehingust ning n\u00f5uda ostjalt tagasi kaup, kui kauba hind veebipoes on eksituse t\u00f5ttu m\u00e4rgitud oluliselt alla kauba turuhinna.<\/p><h2>6. Taganemis\u00f5iguse puudumine<\/h2><p>6.1\u00a0\u00a0\u00a0\u00a0\u00a0\u00a0 Taganemis\u00f5igus puudub juhul, kui m\u00fc\u00fcgilepingu esemeks on kinkekaart ja selles toodud unikaalne kood on juba kasutatud.<\/p><h2>7. Defektiga kaubad<\/h2><p>7.1\u00a0\u00a0\u00a0\u00a0\u00a0\u00a0 Veebipood vastutab ostjale m\u00fc\u00fcdud kauba lepingutingimustele mittevastavuse v\u00f5i puuduse eest, mis oli olemas juba asja \u00fcleandmise hetkel ning mis ilmneb kuni kahe aasta jooksul, alates kauba \u00fcleandmisest ostjale.<\/p><p>7.2\u00a0\u00a0\u00a0\u00a0\u00a0\u00a0 Ostjal on \u00f5igus puuduse ilmnemisel p\u00f6\u00f6rduda hiljemalt kahe n\u00e4dala jooksul veebipoe poole, saates e-kirja aadressile info@revolux.ee v\u00f5i helistada telefonil: +372 4631489<\/p><p>7.3\u00a0\u00a0\u00a0\u00a0\u00a0\u00a0 Veebipood ei vastuta puuduste eest, mis on tekkinud p\u00e4rast kauba \u00fcleandmist ostjale.<\/p><p>7.4\u00a0\u00a0\u00a0\u00a0\u00a0\u00a0 Kui Veebipoest ostetud kaubal on puudused, mille eest Veebipood vastutab, parandab v\u00f5i asendab Veebipood puudusega kauba. Kui kaupa ei ole v\u00f5imalik parandada ega asendada, tagastab Veebipood ostjale k\u00f5ik m\u00fc\u00fcgilepinguga kaasnenud tasud.<\/p><h2>8. Otseturustus ja isikuandmete t\u00f6\u00f6tlemine<\/h2><p>8.1\u00a0\u00a0\u00a0\u00a0\u00a0\u00a0 Veebipood kasutab ostja poolt sisestatud isikuandmeid (sh nimi, telefoninumber, aadress, e-maili aadress, pangarekvisiidid) ainult tellimuse t\u00f6\u00f6tlemiseks ning kauba ostjale saatmiseks. Veebipood edastab isikuandmeid veoteenust pakkuvale ettev\u00f5tetele selleks, et kohale toimetada kaupa.<\/p><p>8.2\u00a0\u00a0\u00a0\u00a0\u00a0\u00a0 Veebipood saadab ostjale uudiskirju ning pakkumisi ostja e-maili aadressile ainult juhul, kui ostja on selleks avaldanud soovi sisestades veebilehel e-kirja aadressi ning andnud teada oma soovist otsepostituse teadete saamiseks.<\/p><p>8.3\u00a0\u00a0\u00a0\u00a0\u00a0\u00a0 Ostjal on igal ajal v\u00f5imalik loobuda e-postile saadetavatest pakkumistest ja uudiskirjadest andes sellest meile teada e-kirja teel v\u00f5i j\u00e4rgides pakkumisi sisaldava e-kirjas toodud juhiseid.<\/p><h2>9. Muud tingimused<\/h2><p>9.1\u00a0\u00a0\u00a0\u00a0\u00a0\u00a0 Tootepildid on illustratiivse t\u00e4hendusega.<\/p><p>9.2\u00a0\u00a0\u00a0\u00a0\u00a0\u00a0 Kaupade hinnad ning saadavus v\u00f5ivad muutuda ette teatamata. Antud juhul j\u00e4tab Steven-VV O\u00dc endale \u00f5iguse loobuda m\u00fc\u00fcgist ning tagastada Ostjale raha tema arvelduskontole m\u00f5istlikult vajaliku aja jooksul.<\/p><p>9.3\u00a0\u00a0\u00a0\u00a0\u00a0\u00a0 Steven-VV O\u00dc veebipood j\u00e4tab endale \u00f5iguse loobuda m\u00fc\u00fcgist, kui Kaubaga on juhtunud m\u00f5ni j\u00e4rgnevatest probleemidest: on juhtunud inimlik eksitus hinna sisestamisel v\u00f5i tehniline viga s\u00fcsteemis (n\u00e4iteks kui 700 EUR\u2019i maksev muruniiduk on m\u00fc\u00fcgis 70 EUR\u2019iga, on tegemist ilmselge veaga. Sellest tulenevalt eeldame, et Ostja peaks aru saama, et tegemist on veaga ja toode ei kuulu sellise hinnaga m\u00fc\u00fcmisele).<\/p><p>9.4\u00a0\u00a0\u00a0\u00a0\u00a0\u00a0 Toote infot kontrollitakse ja t\u00e4iustatakse regulaarselt. Andmed v\u00f5ivad olla peale Ostja viimast k\u00fclastust uuenenud. Seoses tootjate andmekaartide puudulikkusega, v\u00f5ib veebipoe toote infos esineda ebat\u00e4psusi. Antud juhul Steven-VV O\u00dc veebipood ei v\u00f5ta vastutust toote andmete \u00f5igsuses. Soovitame Ostjal siiski enne ostu sooritamist v\u00f5imalusel kontrollida tooteinfo t\u00e4psust meie saates e-kirja aadressile info@revolux.ee v\u00f5i helistada telefonil: +372 4631489<\/p><p>9.5\u00a0\u00a0\u00a0\u00a0\u00a0\u00a0 Steven-VV O\u00dc on \u00f5igus oma poolt korraldatud veebipoes kaubam\u00fc\u00fcgi kampaaniate raames rakendada ostjakohast kogusepiirangut, arvestades konkreetse kauba laoseisu, tellimiste arvu ja muid faktoreid. Info kogusepiirangu kohta on toodud tootekaardil.<\/p><h2>10. Vaidluste lahendamine<\/h2><p>10.1\u00a0\u00a0\u00a0 Kui ostjal on Veebipoe osas pretensioone, tuleb need saata e-kirja aadressile info@revolux.ee v\u00f5i helistada telefonil: +372 4631489<\/p><p>10.2\u00a0\u00a0\u00a0 Kui ostja ja Veebipood ei suuda lahenda vaidlust kokkuleppe teel, siis on ostjal v\u00f5imalik p\u00f6\u00f6rduda Tarbijavaidluste komisjoni poole. Tarbijavaidluste komisjoni p\u00e4devuses on lahendada ostja ja Veebipoe vahel s\u00f5lmitud lepingust tulenevaid vaidlusi. Ostja kaebuse l\u00e4bivaatamine komisjonis on tasuta.<\/p><p>10.3\u00a0\u00a0\u00a0 Ostja v\u00f5ib p\u00f6\u00f6rduda Euroopa Liidu tarbijavaidlusi lahendava platvormi poole.<\/p><p>10.4\u00a0\u00a0\u00a0 Tingimuste kehtivus<\/p><p>K\u00e4esolevad m\u00fc\u00fcja veebipoe tingimused on kehtivad alates 02.05.2024.<\/p>\t\t\t\t\t\t\t\t<\/div>\n\t\t\t\t<\/div>\n\t\t\t\t\t<\/div>\n\t\t\t\t<\/div>\n\t\t\t\t<\/div>\n\t\t","protected":false},"excerpt":{"rendered":"<p>Tellimistingimused 1. M\u00fc\u00fcgilepingu kehtivus 1.1\u00a0\u00a0\u00a0\u00a0\u00a0\u00a0 M\u00fc\u00fcgitingimused kehtivad www.r-tehnika.ee veebipoest (edaspidi veebipood) ostja ja ettev\u00f5tte Steven-VV O\u00dc (registrikood 10264510) vahel kaupade ja teenuste ostmisel. 1.2\u00a0\u00a0\u00a0\u00a0\u00a0\u00a0 Lisaks k\u00e4esolevatele tingimustele reguleerivad Steven-VV O\u00dc veebipoest toodete ostmisel tekkivaid \u00f5igussuhteid Eesti Vabariigis kehtivad v\u00f5la\u00f5igusseadus (edaspidi V\u00d5S), tarbijakaitseseadus (edaspidi TKS) ja teised \u00f5igusaktid. 1.3\u00a0\u00a0\u00a0\u00a0\u00a0\u00a0 Steven-VV O\u00dc j\u00e4tab endale \u00f5iguse teha m\u00fc\u00fcgitingimustes [&hellip;]<\/p>\n","protected":false},"author":1,"featured_media":0,"parent":0,"menu_order":0,"comment_status":"closed","ping_status":"closed","template":"","meta":{"_acf_changed":false,"footnotes":""},"class_list":["post-2161","page","type-page","status-publish","hentry"],"acf":[],"yoast_head":"<!-- This site is optimized with the Yoast SEO plugin v27.4 - https:\/\/yoast.com\/product\/yoast-seo-wordpress\/ -->\n<title>Tellimistingimused Eng &#8212; Revolux - elektrilised s\u00f5iduvahendid<\/title>\n<meta name=\"robots\" content=\"index, follow, max-snippet:-1, max-image-preview:large, max-video-preview:-1\" \/>\n<link rel=\"canonical\" href=\"https:\/\/revolux.ee\/en\/tellimistingimused\/\" \/>\n<meta property=\"og:locale\" content=\"en_US\" \/>\n<meta property=\"og:type\" content=\"article\" \/>\n<meta property=\"og:title\" content=\"Tellimistingimused Eng &#8212; Revolux - elektrilised s\u00f5iduvahendid\" \/>\n<meta property=\"og:description\" content=\"Tellimistingimused 1. M\u00fc\u00fcgilepingu kehtivus 1.1\u00a0\u00a0\u00a0\u00a0\u00a0\u00a0 M\u00fc\u00fcgitingimused kehtivad www.r-tehnika.ee veebipoest (edaspidi veebipood) ostja ja ettev\u00f5tte Steven-VV O\u00dc (registrikood 10264510) vahel kaupade ja teenuste ostmisel. 1.2\u00a0\u00a0\u00a0\u00a0\u00a0\u00a0 Lisaks k\u00e4esolevatele tingimustele reguleerivad Steven-VV O\u00dc veebipoest toodete ostmisel tekkivaid \u00f5igussuhteid Eesti Vabariigis kehtivad v\u00f5la\u00f5igusseadus (edaspidi V\u00d5S), tarbijakaitseseadus (edaspidi TKS) ja teised \u00f5igusaktid. 1.3\u00a0\u00a0\u00a0\u00a0\u00a0\u00a0 Steven-VV O\u00dc j\u00e4tab endale \u00f5iguse teha m\u00fc\u00fcgitingimustes [&hellip;]\" \/>\n<meta property=\"og:url\" content=\"https:\/\/revolux.ee\/en\/tellimistingimused\/\" \/>\n<meta property=\"og:site_name\" content=\"Revolux - elektrilised s\u00f5iduvahendid\" \/>\n<meta property=\"article:publisher\" content=\"https:\/\/www.facebook.com\/revolux.ee\" \/>\n<meta property=\"article:modified_time\" content=\"2024-06-02T15:33:08+00:00\" \/>\n<meta name=\"twitter:card\" content=\"summary_large_image\" \/>\n<meta name=\"twitter:label1\" content=\"Est. reading time\" \/>\n\t<meta name=\"twitter:data1\" content=\"7 minutes\" \/>\n<script type=\"application\/ld+json\" class=\"yoast-schema-graph\">{\"@context\":\"https:\\\/\\\/schema.org\",\"@graph\":[{\"@type\":\"WebPage\",\"@id\":\"https:\\\/\\\/revolux.ee\\\/en\\\/tellimistingimused\\\/\",\"url\":\"https:\\\/\\\/revolux.ee\\\/en\\\/tellimistingimused\\\/\",\"name\":\"Tellimistingimused Eng &#8212; Revolux - elektrilised s\u00f5iduvahendid\",\"isPartOf\":{\"@id\":\"https:\\\/\\\/revolux.ee\\\/#website\"},\"datePublished\":\"2024-05-07T06:08:58+00:00\",\"dateModified\":\"2024-06-02T15:33:08+00:00\",\"breadcrumb\":{\"@id\":\"https:\\\/\\\/revolux.ee\\\/en\\\/tellimistingimused\\\/#breadcrumb\"},\"inLanguage\":\"en-US\",\"potentialAction\":[{\"@type\":\"ReadAction\",\"target\":[\"https:\\\/\\\/revolux.ee\\\/en\\\/tellimistingimused\\\/\"]}]},{\"@type\":\"BreadcrumbList\",\"@id\":\"https:\\\/\\\/revolux.ee\\\/en\\\/tellimistingimused\\\/#breadcrumb\",\"itemListElement\":[{\"@type\":\"ListItem\",\"position\":1,\"name\":\"Home\",\"item\":\"https:\\\/\\\/revolux.ee\\\/en\\\/\"},{\"@type\":\"ListItem\",\"position\":2,\"name\":\"Tellimistingimused Eng\"}]},{\"@type\":\"WebSite\",\"@id\":\"https:\\\/\\\/revolux.ee\\\/#website\",\"url\":\"https:\\\/\\\/revolux.ee\\\/\",\"name\":\"Revolux - elektrilised s\u00f5iduvahendid\",\"description\":\"\",\"publisher\":{\"@id\":\"https:\\\/\\\/revolux.ee\\\/#organization\"},\"potentialAction\":[{\"@type\":\"SearchAction\",\"target\":{\"@type\":\"EntryPoint\",\"urlTemplate\":\"https:\\\/\\\/revolux.ee\\\/?s={search_term_string}\"},\"query-input\":{\"@type\":\"PropertyValueSpecification\",\"valueRequired\":true,\"valueName\":\"search_term_string\"}}],\"inLanguage\":\"en-US\"},{\"@type\":\"Organization\",\"@id\":\"https:\\\/\\\/revolux.ee\\\/#organization\",\"name\":\"Revolux\",\"url\":\"https:\\\/\\\/revolux.ee\\\/\",\"logo\":{\"@type\":\"ImageObject\",\"inLanguage\":\"en-US\",\"@id\":\"https:\\\/\\\/revolux.ee\\\/#\\\/schema\\\/logo\\\/image\\\/\",\"url\":\"https:\\\/\\\/revolux.ee\\\/wp-content\\\/uploads\\\/2021\\\/10\\\/Rlux.svg\",\"contentUrl\":\"https:\\\/\\\/revolux.ee\\\/wp-content\\\/uploads\\\/2021\\\/10\\\/Rlux.svg\",\"width\":95,\"height\":60,\"caption\":\"Revolux\"},\"image\":{\"@id\":\"https:\\\/\\\/revolux.ee\\\/#\\\/schema\\\/logo\\\/image\\\/\"},\"sameAs\":[\"https:\\\/\\\/www.facebook.com\\\/revolux.ee\"]}]}<\/script>\n<!-- \/ Yoast SEO plugin. -->","yoast_head_json":{"title":"Tellimistingimused Eng &#8212; Revolux - elektrilised s\u00f5iduvahendid","robots":{"index":"index","follow":"follow","max-snippet":"max-snippet:-1","max-image-preview":"max-image-preview:large","max-video-preview":"max-video-preview:-1"},"canonical":"https:\/\/revolux.ee\/en\/tellimistingimused\/","og_locale":"en_US","og_type":"article","og_title":"Tellimistingimused Eng &#8212; Revolux - elektrilised s\u00f5iduvahendid","og_description":"Tellimistingimused 1. M\u00fc\u00fcgilepingu kehtivus 1.1\u00a0\u00a0\u00a0\u00a0\u00a0\u00a0 M\u00fc\u00fcgitingimused kehtivad www.r-tehnika.ee veebipoest (edaspidi veebipood) ostja ja ettev\u00f5tte Steven-VV O\u00dc (registrikood 10264510) vahel kaupade ja teenuste ostmisel. 1.2\u00a0\u00a0\u00a0\u00a0\u00a0\u00a0 Lisaks k\u00e4esolevatele tingimustele reguleerivad Steven-VV O\u00dc veebipoest toodete ostmisel tekkivaid \u00f5igussuhteid Eesti Vabariigis kehtivad v\u00f5la\u00f5igusseadus (edaspidi V\u00d5S), tarbijakaitseseadus (edaspidi TKS) ja teised \u00f5igusaktid. 1.3\u00a0\u00a0\u00a0\u00a0\u00a0\u00a0 Steven-VV O\u00dc j\u00e4tab endale \u00f5iguse teha m\u00fc\u00fcgitingimustes [&hellip;]","og_url":"https:\/\/revolux.ee\/en\/tellimistingimused\/","og_site_name":"Revolux - elektrilised s\u00f5iduvahendid","article_publisher":"https:\/\/www.facebook.com\/revolux.ee","article_modified_time":"2024-06-02T15:33:08+00:00","twitter_card":"summary_large_image","twitter_misc":{"Est. reading time":"7 minutes"},"schema":{"@context":"https:\/\/schema.org","@graph":[{"@type":"WebPage","@id":"https:\/\/revolux.ee\/en\/tellimistingimused\/","url":"https:\/\/revolux.ee\/en\/tellimistingimused\/","name":"Tellimistingimused Eng &#8212; Revolux - elektrilised s\u00f5iduvahendid","isPartOf":{"@id":"https:\/\/revolux.ee\/#website"},"datePublished":"2024-05-07T06:08:58+00:00","dateModified":"2024-06-02T15:33:08+00:00","breadcrumb":{"@id":"https:\/\/revolux.ee\/en\/tellimistingimused\/#breadcrumb"},"inLanguage":"en-US","potentialAction":[{"@type":"ReadAction","target":["https:\/\/revolux.ee\/en\/tellimistingimused\/"]}]},{"@type":"BreadcrumbList","@id":"https:\/\/revolux.ee\/en\/tellimistingimused\/#breadcrumb","itemListElement":[{"@type":"ListItem","position":1,"name":"Home","item":"https:\/\/revolux.ee\/en\/"},{"@type":"ListItem","position":2,"name":"Tellimistingimused Eng"}]},{"@type":"WebSite","@id":"https:\/\/revolux.ee\/#website","url":"https:\/\/revolux.ee\/","name":"Revolux - elektrilised s\u00f5iduvahendid","description":"","publisher":{"@id":"https:\/\/revolux.ee\/#organization"},"potentialAction":[{"@type":"SearchAction","target":{"@type":"EntryPoint","urlTemplate":"https:\/\/revolux.ee\/?s={search_term_string}"},"query-input":{"@type":"PropertyValueSpecification","valueRequired":true,"valueName":"search_term_string"}}],"inLanguage":"en-US"},{"@type":"Organization","@id":"https:\/\/revolux.ee\/#organization","name":"Revolux","url":"https:\/\/revolux.ee\/","logo":{"@type":"ImageObject","inLanguage":"en-US","@id":"https:\/\/revolux.ee\/#\/schema\/logo\/image\/","url":"https:\/\/revolux.ee\/wp-content\/uploads\/2021\/10\/Rlux.svg","contentUrl":"https:\/\/revolux.ee\/wp-content\/uploads\/2021\/10\/Rlux.svg","width":95,"height":60,"caption":"Revolux"},"image":{"@id":"https:\/\/revolux.ee\/#\/schema\/logo\/image\/"},"sameAs":["https:\/\/www.facebook.com\/revolux.ee"]}]}},"_links":{"self":[{"href":"https:\/\/revolux.ee\/en\/wp-json\/wp\/v2\/pages\/2161","targetHints":{"allow":["GET"]}}],"collection":[{"href":"https:\/\/revolux.ee\/en\/wp-json\/wp\/v2\/pages"}],"about":[{"href":"https:\/\/revolux.ee\/en\/wp-json\/wp\/v2\/types\/page"}],"author":[{"embeddable":true,"href":"https:\/\/revolux.ee\/en\/wp-json\/wp\/v2\/users\/1"}],"replies":[{"embeddable":true,"href":"https:\/\/revolux.ee\/en\/wp-json\/wp\/v2\/comments?post=2161"}],"version-history":[{"count":3,"href":"https:\/\/revolux.ee\/en\/wp-json\/wp\/v2\/pages\/2161\/revisions"}],"predecessor-version":[{"id":2265,"href":"https:\/\/revolux.ee\/en\/wp-json\/wp\/v2\/pages\/2161\/revisions\/2265"}],"wp:attachment":[{"href":"https:\/\/revolux.ee\/en\/wp-json\/wp\/v2\/media?parent=2161"}],"curies":[{"name":"wp","href":"https:\/\/api.w.org\/{rel}","templated":true}]}}