{"id":2471,"date":"2025-12-15T13:33:04","date_gmt":"2025-12-15T13:33:04","guid":{"rendered":"https:\/\/revolux.ee\/toode\/elektriroller-4-rattaline-vf1-katusega-revolux\/"},"modified":"2025-12-15T13:33:04","modified_gmt":"2025-12-15T13:33:04","slug":"elektriroller-4-rattaline-vf1-katusega-revolux","status":"publish","type":"product","link":"https:\/\/revolux.ee\/en\/toode\/elektriroller-4-rattaline-vf1-katusega-revolux\/","title":{"rendered":"Elektriroller 4-rattaline VF1 katusega REVOLUX"},"content":{"rendered":"<p>Revolux 4-rattaline elektriroller katusega on pika s\u00f5iduulatusega ja taskukohane, mis suudab saavutada kiirust kuni 25km\/h. Selle rolleriga l\u00e4bite probleemideta \u00fche laadimisega kuni 50km, samuti omab toode v\u00f5imast 1000W mootorit, seisupidurit ja kauakestvat akut. Revoluxi 4-rattalist elektrirollerit on sama lihtne kasutada kui mis tahes teist teile kuuluvat laetavat seadet. Lisaks katus koos tuuleklaasiga.<\/p>\n","protected":false},"excerpt":{"rendered":"<p>Revolux 4-rattaline elektriroller katusega on pika s\u00f5iduulatusega ja taskukohane, mis suudab saavutada kiirust kuni 25km\/h. Selle rolleriga l\u00e4bite probleemideta \u00fche laadimisega kuni 50km, samuti omab toode v\u00f5imast 1000W mootorit, seisupidurit ja kauakestvat akut. Revoluxi 4-rattalist elektrirollerit on sama lihtne kasutada kui mis tahes teist teile kuuluvat laetavat seadet. Lisaks katus koos tuuleklaasiga.<\/p>\n","protected":false},"featured_media":2470,"template":"","meta":{"_acf_changed":false},"product_cat":[30],"product_tag":[],"class_list":{"0":"post-2471","1":"product","2":"type-product","3":"status-publish","4":"has-post-thumbnail","6":"product_cat-maaramata","8":"first","9":"instock","10":"taxable","11":"shipping-taxable","12":"purchasable","13":"product-type-simple"},"acf":[],"yoast_head":"<!-- This site is optimized with the Yoast SEO plugin v27.4 - https:\/\/yoast.com\/product\/yoast-seo-wordpress\/ -->\n<title>Elektriroller 4-rattaline VF1 katusega REVOLUX &#8212; Revolux - elektrilised s\u00f5iduvahendid<\/title>\n<meta name=\"robots\" content=\"index, follow, max-snippet:-1, max-image-preview:large, max-video-preview:-1\" \/>\n<link rel=\"canonical\" href=\"https:\/\/revolux.ee\/en\/toode\/elektriroller-4-rattaline-vf1-katusega-revolux\/\" \/>\n<meta property=\"og:locale\" content=\"en_US\" \/>\n<meta property=\"og:type\" content=\"article\" \/>\n<meta property=\"og:title\" content=\"Elektriroller 4-rattaline VF1 katusega REVOLUX &#8212; Revolux - elektrilised s\u00f5iduvahendid\" \/>\n<meta property=\"og:description\" content=\"Revolux 4-rattaline elektriroller katusega on pika s\u00f5iduulatusega ja taskukohane, mis suudab saavutada kiirust kuni 25km\/h. Selle rolleriga l\u00e4bite probleemideta \u00fche laadimisega kuni 50km, samuti omab toode v\u00f5imast 1000W mootorit, seisupidurit ja kauakestvat akut. Revoluxi 4-rattalist elektrirollerit on sama lihtne kasutada kui mis tahes teist teile kuuluvat laetavat seadet. Lisaks katus koos tuuleklaasiga.\" \/>\n<meta property=\"og:url\" content=\"https:\/\/revolux.ee\/en\/toode\/elektriroller-4-rattaline-vf1-katusega-revolux\/\" \/>\n<meta property=\"og:site_name\" content=\"Revolux - elektrilised s\u00f5iduvahendid\" \/>\n<meta property=\"article:publisher\" content=\"https:\/\/www.facebook.com\/revolux.ee\" \/>\n<meta name=\"twitter:card\" content=\"summary_large_image\" \/>\n<script type=\"application\/ld+json\" class=\"yoast-schema-graph\">{\"@context\":\"https:\\\/\\\/schema.org\",\"@graph\":[{\"@type\":\"WebPage\",\"@id\":\"https:\\\/\\\/revolux.ee\\\/en\\\/toode\\\/elektriroller-4-rattaline-vf1-katusega-revolux\\\/\",\"url\":\"https:\\\/\\\/revolux.ee\\\/en\\\/toode\\\/elektriroller-4-rattaline-vf1-katusega-revolux\\\/\",\"name\":\"Elektriroller 4-rattaline VF1 katusega REVOLUX &#8212; Revolux - elektrilised s\u00f5iduvahendid\",\"isPartOf\":{\"@id\":\"https:\\\/\\\/revolux.ee\\\/#website\"},\"primaryImageOfPage\":{\"@id\":\"https:\\\/\\\/revolux.ee\\\/en\\\/toode\\\/elektriroller-4-rattaline-vf1-katusega-revolux\\\/#primaryimage\"},\"image\":{\"@id\":\"https:\\\/\\\/revolux.ee\\\/en\\\/toode\\\/elektriroller-4-rattaline-vf1-katusega-revolux\\\/#primaryimage\"},\"thumbnailUrl\":\"https:\\\/\\\/revolux.ee\\\/wp-content\\\/uploads\\\/2025\\\/12\\\/vf1_4-rattaline-kulg-eest-vaade-teine-kulg-Photoroom.png\",\"datePublished\":\"2025-12-15T13:33:04+00:00\",\"breadcrumb\":{\"@id\":\"https:\\\/\\\/revolux.ee\\\/en\\\/toode\\\/elektriroller-4-rattaline-vf1-katusega-revolux\\\/#breadcrumb\"},\"inLanguage\":\"en-US\",\"potentialAction\":[{\"@type\":\"ReadAction\",\"target\":[\"https:\\\/\\\/revolux.ee\\\/en\\\/toode\\\/elektriroller-4-rattaline-vf1-katusega-revolux\\\/\"]}]},{\"@type\":\"ImageObject\",\"inLanguage\":\"en-US\",\"@id\":\"https:\\\/\\\/revolux.ee\\\/en\\\/toode\\\/elektriroller-4-rattaline-vf1-katusega-revolux\\\/#primaryimage\",\"url\":\"https:\\\/\\\/revolux.ee\\\/wp-content\\\/uploads\\\/2025\\\/12\\\/vf1_4-rattaline-kulg-eest-vaade-teine-kulg-Photoroom.png\",\"contentUrl\":\"https:\\\/\\\/revolux.ee\\\/wp-content\\\/uploads\\\/2025\\\/12\\\/vf1_4-rattaline-kulg-eest-vaade-teine-kulg-Photoroom.png\",\"width\":1280,\"height\":1280},{\"@type\":\"BreadcrumbList\",\"@id\":\"https:\\\/\\\/revolux.ee\\\/en\\\/toode\\\/elektriroller-4-rattaline-vf1-katusega-revolux\\\/#breadcrumb\",\"itemListElement\":[{\"@type\":\"ListItem\",\"position\":1,\"name\":\"Home\",\"item\":\"https:\\\/\\\/revolux.ee\\\/en\\\/\"},{\"@type\":\"ListItem\",\"position\":2,\"name\":\"Pood\",\"item\":\"https:\\\/\\\/revolux.ee\\\/pood\\\/\"},{\"@type\":\"ListItem\",\"position\":3,\"name\":\"Elektriroller 4-rattaline VF1 katusega REVOLUX\"}]},{\"@type\":\"WebSite\",\"@id\":\"https:\\\/\\\/revolux.ee\\\/#website\",\"url\":\"https:\\\/\\\/revolux.ee\\\/\",\"name\":\"Revolux - elektrilised s\u00f5iduvahendid\",\"description\":\"\",\"publisher\":{\"@id\":\"https:\\\/\\\/revolux.ee\\\/#organization\"},\"potentialAction\":[{\"@type\":\"SearchAction\",\"target\":{\"@type\":\"EntryPoint\",\"urlTemplate\":\"https:\\\/\\\/revolux.ee\\\/?s={search_term_string}\"},\"query-input\":{\"@type\":\"PropertyValueSpecification\",\"valueRequired\":true,\"valueName\":\"search_term_string\"}}],\"inLanguage\":\"en-US\"},{\"@type\":\"Organization\",\"@id\":\"https:\\\/\\\/revolux.ee\\\/#organization\",\"name\":\"Revolux\",\"url\":\"https:\\\/\\\/revolux.ee\\\/\",\"logo\":{\"@type\":\"ImageObject\",\"inLanguage\":\"en-US\",\"@id\":\"https:\\\/\\\/revolux.ee\\\/#\\\/schema\\\/logo\\\/image\\\/\",\"url\":\"https:\\\/\\\/revolux.ee\\\/wp-content\\\/uploads\\\/2021\\\/10\\\/Rlux.svg\",\"contentUrl\":\"https:\\\/\\\/revolux.ee\\\/wp-content\\\/uploads\\\/2021\\\/10\\\/Rlux.svg\",\"width\":95,\"height\":60,\"caption\":\"Revolux\"},\"image\":{\"@id\":\"https:\\\/\\\/revolux.ee\\\/#\\\/schema\\\/logo\\\/image\\\/\"},\"sameAs\":[\"https:\\\/\\\/www.facebook.com\\\/revolux.ee\"]}]}<\/script>\n<!-- \/ Yoast SEO plugin. -->","yoast_head_json":{"title":"Elektriroller 4-rattaline VF1 katusega REVOLUX &#8212; Revolux - elektrilised s\u00f5iduvahendid","robots":{"index":"index","follow":"follow","max-snippet":"max-snippet:-1","max-image-preview":"max-image-preview:large","max-video-preview":"max-video-preview:-1"},"canonical":"https:\/\/revolux.ee\/en\/toode\/elektriroller-4-rattaline-vf1-katusega-revolux\/","og_locale":"en_US","og_type":"article","og_title":"Elektriroller 4-rattaline VF1 katusega REVOLUX &#8212; Revolux - elektrilised s\u00f5iduvahendid","og_description":"Revolux 4-rattaline elektriroller katusega on pika s\u00f5iduulatusega ja taskukohane, mis suudab saavutada kiirust kuni 25km\/h. Selle rolleriga l\u00e4bite probleemideta \u00fche laadimisega kuni 50km, samuti omab toode v\u00f5imast 1000W mootorit, seisupidurit ja kauakestvat akut. Revoluxi 4-rattalist elektrirollerit on sama lihtne kasutada kui mis tahes teist teile kuuluvat laetavat seadet. Lisaks katus koos tuuleklaasiga.","og_url":"https:\/\/revolux.ee\/en\/toode\/elektriroller-4-rattaline-vf1-katusega-revolux\/","og_site_name":"Revolux - elektrilised s\u00f5iduvahendid","article_publisher":"https:\/\/www.facebook.com\/revolux.ee","twitter_card":"summary_large_image","schema":{"@context":"https:\/\/schema.org","@graph":[{"@type":"WebPage","@id":"https:\/\/revolux.ee\/en\/toode\/elektriroller-4-rattaline-vf1-katusega-revolux\/","url":"https:\/\/revolux.ee\/en\/toode\/elektriroller-4-rattaline-vf1-katusega-revolux\/","name":"Elektriroller 4-rattaline VF1 katusega REVOLUX &#8212; Revolux - elektrilised s\u00f5iduvahendid","isPartOf":{"@id":"https:\/\/revolux.ee\/#website"},"primaryImageOfPage":{"@id":"https:\/\/revolux.ee\/en\/toode\/elektriroller-4-rattaline-vf1-katusega-revolux\/#primaryimage"},"image":{"@id":"https:\/\/revolux.ee\/en\/toode\/elektriroller-4-rattaline-vf1-katusega-revolux\/#primaryimage"},"thumbnailUrl":"https:\/\/revolux.ee\/wp-content\/uploads\/2025\/12\/vf1_4-rattaline-kulg-eest-vaade-teine-kulg-Photoroom.png","datePublished":"2025-12-15T13:33:04+00:00","breadcrumb":{"@id":"https:\/\/revolux.ee\/en\/toode\/elektriroller-4-rattaline-vf1-katusega-revolux\/#breadcrumb"},"inLanguage":"en-US","potentialAction":[{"@type":"ReadAction","target":["https:\/\/revolux.ee\/en\/toode\/elektriroller-4-rattaline-vf1-katusega-revolux\/"]}]},{"@type":"ImageObject","inLanguage":"en-US","@id":"https:\/\/revolux.ee\/en\/toode\/elektriroller-4-rattaline-vf1-katusega-revolux\/#primaryimage","url":"https:\/\/revolux.ee\/wp-content\/uploads\/2025\/12\/vf1_4-rattaline-kulg-eest-vaade-teine-kulg-Photoroom.png","contentUrl":"https:\/\/revolux.ee\/wp-content\/uploads\/2025\/12\/vf1_4-rattaline-kulg-eest-vaade-teine-kulg-Photoroom.png","width":1280,"height":1280},{"@type":"BreadcrumbList","@id":"https:\/\/revolux.ee\/en\/toode\/elektriroller-4-rattaline-vf1-katusega-revolux\/#breadcrumb","itemListElement":[{"@type":"ListItem","position":1,"name":"Home","item":"https:\/\/revolux.ee\/en\/"},{"@type":"ListItem","position":2,"name":"Pood","item":"https:\/\/revolux.ee\/pood\/"},{"@type":"ListItem","position":3,"name":"Elektriroller 4-rattaline VF1 katusega REVOLUX"}]},{"@type":"WebSite","@id":"https:\/\/revolux.ee\/#website","url":"https:\/\/revolux.ee\/","name":"Revolux - elektrilised s\u00f5iduvahendid","description":"","publisher":{"@id":"https:\/\/revolux.ee\/#organization"},"potentialAction":[{"@type":"SearchAction","target":{"@type":"EntryPoint","urlTemplate":"https:\/\/revolux.ee\/?s={search_term_string}"},"query-input":{"@type":"PropertyValueSpecification","valueRequired":true,"valueName":"search_term_string"}}],"inLanguage":"en-US"},{"@type":"Organization","@id":"https:\/\/revolux.ee\/#organization","name":"Revolux","url":"https:\/\/revolux.ee\/","logo":{"@type":"ImageObject","inLanguage":"en-US","@id":"https:\/\/revolux.ee\/#\/schema\/logo\/image\/","url":"https:\/\/revolux.ee\/wp-content\/uploads\/2021\/10\/Rlux.svg","contentUrl":"https:\/\/revolux.ee\/wp-content\/uploads\/2021\/10\/Rlux.svg","width":95,"height":60,"caption":"Revolux"},"image":{"@id":"https:\/\/revolux.ee\/#\/schema\/logo\/image\/"},"sameAs":["https:\/\/www.facebook.com\/revolux.ee"]}]}},"_links":{"self":[{"href":"https:\/\/revolux.ee\/en\/wp-json\/wp\/v2\/product\/2471","targetHints":{"allow":["GET"]}}],"collection":[{"href":"https:\/\/revolux.ee\/en\/wp-json\/wp\/v2\/product"}],"about":[{"href":"https:\/\/revolux.ee\/en\/wp-json\/wp\/v2\/types\/product"}],"wp:featuredmedia":[{"embeddable":true,"href":"https:\/\/revolux.ee\/en\/wp-json\/wp\/v2\/media\/2470"}],"wp:attachment":[{"href":"https:\/\/revolux.ee\/en\/wp-json\/wp\/v2\/media?parent=2471"}],"wp:term":[{"taxonomy":"product_cat","embeddable":true,"href":"https:\/\/revolux.ee\/en\/wp-json\/wp\/v2\/product_cat?post=2471"},{"taxonomy":"product_tag","embeddable":true,"href":"https:\/\/revolux.ee\/en\/wp-json\/wp\/v2\/product_tag?post=2471"}],"curies":[{"name":"wp","href":"https:\/\/api.w.org\/{rel}","templated":true}]}}